{"id":2002,"date":"2022-12-11T16:02:19","date_gmt":"2022-12-11T16:02:19","guid":{"rendered":"https:\/\/villaostunione.com\/?page_id=2002"},"modified":"2025-11-14T09:42:42","modified_gmt":"2025-11-14T09:42:42","slug":"jetzt-buchen","status":"publish","type":"page","link":"https:\/\/villaostunione.com\/it\/jetzt-buchen\/","title":{"rendered":"Prenota ora"},"content":{"rendered":"<div data-elementor-type=\"wp-page\" data-elementor-id=\"2002\" class=\"elementor elementor-2002\" data-elementor-post-type=\"page\">\n\t\t\t\t\t\t<section class=\"elementor-section elementor-top-section elementor-element elementor-element-ca36791 elementor-section-boxed elementor-section-height-default elementor-section-height-default\" data-id=\"ca36791\" data-element_type=\"section\" data-e-type=\"section\">\n\t\t\t\t\t\t<div class=\"elementor-container elementor-column-gap-default\">\n\t\t\t\t\t<div class=\"elementor-column elementor-col-100 elementor-top-column elementor-element elementor-element-4bbfcf3\" data-id=\"4bbfcf3\" data-element_type=\"column\" data-e-type=\"column\">\n\t\t\t<div class=\"elementor-widget-wrap elementor-element-populated\">\n\t\t\t\t\t\t<div class=\"elementor-element elementor-element-3822a0d elementor-widget elementor-widget-heading\" data-id=\"3822a0d\" data-element_type=\"widget\" data-e-type=\"widget\" data-widget_type=\"heading.default\">\n\t\t\t\t<div class=\"elementor-widget-container\">\n\t\t\t\t\t<h1 class=\"elementor-heading-title elementor-size-default\">Prenota ora! <\/h1>\t\t\t\t<\/div>\n\t\t\t\t<\/div>\n\t\t\t\t<div class=\"elementor-element elementor-element-1a5ce48 elementor-widget elementor-widget-heading\" data-id=\"1a5ce48\" data-element_type=\"widget\" data-e-type=\"widget\" data-widget_type=\"heading.default\">\n\t\t\t\t<div class=\"elementor-widget-container\">\n\t\t\t\t\t<h2 class=\"elementor-heading-title elementor-size-default\">E garantito per ottenere il miglior prezzo!<\/h2>\t\t\t\t<\/div>\n\t\t\t\t<\/div>\n\t\t\t\t<div class=\"elementor-element elementor-element-54a46f4 elementor-widget elementor-widget-text-editor\" data-id=\"54a46f4\" data-element_type=\"widget\" data-e-type=\"widget\" data-widget_type=\"text-editor.default\">\n\t\t\t\t<div class=\"elementor-widget-container\">\n\t\t\t\t\t\t\t\t\t<p style=\"text-align: center;\">Prenota direttamente attraverso il nostro sito web e ottieni il miglior prezzo garantito.<\/p>\n<p style=\"text-align: center;\">Puoi effettuare la tua prenotazione <u>fino a 30 giorni prima della data di partenza gratuitamente<\/u>. Trascorso questo tempo, la prenotazione non pu\u00f2 pi\u00f9 essere cancellata gratuitamente e addebiteremo 100% dell&#039;importo della prenotazione.<\/p>\n<p style=\"text-align: center;\">Dopo la prenotazione, riceverai una richiesta di pagamento da parte nostra in cui ti chiediamo di trasferire l&#039;importo totale sul nostro conto quando \u00e8 dovuto.<\/p>\t\t\t\t\t\t\t\t<\/div>\n\t\t\t\t<\/div>\n\t\t\t\t\t<\/div>\n\t\t<\/div>\n\t\t\t\t\t<\/div>\n\t\t<\/section>\n\t\t\t\t<section class=\"elementor-section elementor-top-section elementor-element elementor-element-9906641 elementor-section-boxed elementor-section-height-default elementor-section-height-default\" data-id=\"9906641\" data-element_type=\"section\" data-e-type=\"section\">\n\t\t\t\t\t\t<div class=\"elementor-container elementor-column-gap-default\">\n\t\t\t\t\t<div class=\"elementor-column elementor-col-100 elementor-top-column elementor-element elementor-element-ba910bf\" data-id=\"ba910bf\" data-element_type=\"column\" data-e-type=\"column\">\n\t\t\t<div class=\"elementor-widget-wrap elementor-element-populated\">\n\t\t\t\t\t\t<div class=\"elementor-element elementor-element-0899b70 elementor-widget elementor-widget-html\" data-id=\"0899b70\" data-element_type=\"widget\" data-e-type=\"widget\" data-widget_type=\"html.default\">\n\t\t\t\t<div class=\"elementor-widget-container\">\n\t\t\t\t\t<iframe src =\"https:\/\/bookings.aparts24.de\/booking2.php?propid=174903&amp;numadult=8&amp;advancedays=0&amp;referer=Villaostunione.com\" width=\"800\" height=\"1100\" onload=\"window.parent.parent.scrollTo(0,0)\" style=\"max-width:100%;border:none;overflow:auto;\"><p><a href=\"http:\/\/bookings.aparts24.de\/booking2.php?propid=174903&amp;referer=Villaostunione.com\" title=\"prenota ora\">prenota ora<\/a><\/p><\/iframe>\n<script>iFrameResize({log:true})<\/script>\t\t\t\t<\/div>\n\t\t\t\t<\/div>\n\t\t\t\t\t<\/div>\n\t\t<\/div>\n\t\t\t\t\t<\/div>\n\t\t<\/section>\n\t\t\t\t<\/div>","protected":false},"excerpt":{"rendered":"<p>Jetzt buchen! Und garantiert den g\u00fcnstigsten Preis erhalten! Buchen Sie direkt \u00fcber unsere Webseite und erhalten Sie so garantiert den g\u00fcnstigsten Preis. Sie k\u00f6nnen Ihre Buchung bis 30 Tage vor Ihrem Abreisedatum kostenfrei stornieren. Nach Ablauf dieser Zeit ist die Buchung nicht mehr kostenfrei stornierbar und wir berechnen 100% des Buchungsbetrags. Sie erhalten nach Buchung [&hellip;]<\/p>\n","protected":false},"author":1,"featured_media":0,"parent":0,"menu_order":0,"comment_status":"closed","ping_status":"closed","template":"","meta":{"footnotes":""},"class_list":["post-2002","page","type-page","status-publish","hentry"],"_links":{"self":[{"href":"https:\/\/villaostunione.com\/it\/wp-json\/wp\/v2\/pages\/2002","targetHints":{"allow":["GET"]}}],"collection":[{"href":"https:\/\/villaostunione.com\/it\/wp-json\/wp\/v2\/pages"}],"about":[{"href":"https:\/\/villaostunione.com\/it\/wp-json\/wp\/v2\/types\/page"}],"author":[{"embeddable":true,"href":"https:\/\/villaostunione.com\/it\/wp-json\/wp\/v2\/users\/1"}],"replies":[{"embeddable":true,"href":"https:\/\/villaostunione.com\/it\/wp-json\/wp\/v2\/comments?post=2002"}],"version-history":[{"count":58,"href":"https:\/\/villaostunione.com\/it\/wp-json\/wp\/v2\/pages\/2002\/revisions"}],"predecessor-version":[{"id":2841,"href":"https:\/\/villaostunione.com\/it\/wp-json\/wp\/v2\/pages\/2002\/revisions\/2841"}],"wp:attachment":[{"href":"https:\/\/villaostunione.com\/it\/wp-json\/wp\/v2\/media?parent=2002"}],"curies":[{"name":"wp","href":"https:\/\/api.w.org\/{rel}","templated":true}]}}